{"id":18,"date":"2025-12-18T10:49:50","date_gmt":"2025-12-18T09:49:50","guid":{"rendered":"https:\/\/serwer405168.lh.pl\/autoinstalator\/serwer405168.lh.pl\/wordpress145041\/index.php\/strona-informacji-o\/"},"modified":"2025-12-22T21:00:42","modified_gmt":"2025-12-22T20:00:42","slug":"nasza-misja","status":"publish","type":"page","link":"https:\/\/danielinfo.pl\/index.php\/nasza-misja\/","title":{"rendered":"Nasza misja"},"content":{"rendered":"\t\t<div data-elementor-type=\"wp-page\" data-elementor-id=\"18\" class=\"elementor elementor-18\">\n\t\t\t\t<div class=\"elementor-element elementor-element-1467657 e-con-full e-flex e-con e-parent\" data-id=\"1467657\" data-element_type=\"container\">\n\t\t\t\t<div class=\"elementor-element elementor-element-24b4562 elementor-widget elementor-widget-text-editor\" data-id=\"24b4562\" data-element_type=\"widget\" data-widget_type=\"text-editor.default\">\n\t\t\t\t\t\t\t\t\t<p><span style=\"color: #ff0000;\"><strong>\u00a0 \u00a0Naszym nadrz\u0119dnym celem jest rzetelne propagowanie i upowszechnianie prawdy historycznej\u00a0oraz bogatego, r\u00f3\u017cnorodnego\u00a0dziedzictwa kulturowego narod\u00f3w s\u0142owia\u0144skich.<\/strong><\/span><\/p>\t\t\t\t\t\t\t\t<\/div>\n\t\t\t\t<\/div>\n\t\t<div class=\"elementor-element elementor-element-0117716 e-flex e-con-boxed e-con e-parent\" data-id=\"0117716\" data-element_type=\"container\">\n\t\t\t\t\t<div class=\"e-con-inner\">\n\t\t\t\t<div class=\"elementor-element elementor-element-729fe9b elementor-widget elementor-widget-image\" data-id=\"729fe9b\" data-element_type=\"widget\" data-widget_type=\"image.default\">\n\t\t\t\t\t\t\t\t\t\t\t\t\t\t\t<img loading=\"lazy\" width=\"640\" height=\"480\" src=\"https:\/\/danielinfo.pl\/wp-content\/uploads\/2025\/12\/Moscow-City_36211143494.jpg\" class=\"attachment-large size-large wp-image-818\" alt=\"Moscow-City_(36211143494)\" srcset=\"https:\/\/danielinfo.pl\/wp-content\/uploads\/2025\/12\/Moscow-City_36211143494.jpg 960w, https:\/\/danielinfo.pl\/wp-content\/uploads\/2025\/12\/Moscow-City_36211143494-300x225.jpg 300w, https:\/\/danielinfo.pl\/wp-content\/uploads\/2025\/12\/Moscow-City_36211143494-768x576.jpg 768w\" sizes=\"auto, (max-width: 640px) 100vw, 640px\" loading=\"lazy\" decoding=\"async\" \/>\t\t\t\t\t\t\t\t\t\t\t\t\t\t\t<\/div>\n\t\t\t\t\t<\/div>\n\t\t\t\t<\/div>\n\t\t<div class=\"elementor-element elementor-element-398fb32 e-con-full e-flex e-con e-parent\" data-id=\"398fb32\" data-element_type=\"container\">\n\t\t\t\t<div class=\"elementor-element elementor-element-5617c1e elementor-widget elementor-widget-image\" data-id=\"5617c1e\" data-element_type=\"widget\" data-widget_type=\"image.default\">\n\t\t\t\t\t\t\t\t\t\t\t\t<figure class=\"wp-caption\">\n\t\t\t\t\t\t\t\t\t\t<img loading=\"lazy\" width=\"640\" height=\"800\" src=\"https:\/\/danielinfo.pl\/wp-content\/uploads\/2025\/12\/524930310_1179677167522107_8055305532664933027_n-819x1024.jpg\" class=\"attachment-large size-large wp-image-820\" alt=\"Fot. Cezary War\u015b\" srcset=\"https:\/\/danielinfo.pl\/wp-content\/uploads\/2025\/12\/524930310_1179677167522107_8055305532664933027_n-819x1024.jpg 819w, https:\/\/danielinfo.pl\/wp-content\/uploads\/2025\/12\/524930310_1179677167522107_8055305532664933027_n-240x300.jpg 240w, https:\/\/danielinfo.pl\/wp-content\/uploads\/2025\/12\/524930310_1179677167522107_8055305532664933027_n-768x960.jpg 768w, https:\/\/danielinfo.pl\/wp-content\/uploads\/2025\/12\/524930310_1179677167522107_8055305532664933027_n-1229x1536.jpg 1229w, https:\/\/danielinfo.pl\/wp-content\/uploads\/2025\/12\/524930310_1179677167522107_8055305532664933027_n-1024x1280.jpg 1024w, https:\/\/danielinfo.pl\/wp-content\/uploads\/2025\/12\/524930310_1179677167522107_8055305532664933027_n.jpg 1402w\" sizes=\"auto, (max-width: 640px) 100vw, 640px\" loading=\"lazy\" decoding=\"async\" \/>\t\t\t\t\t\t\t\t\t\t\t<figcaption class=\"widget-image-caption wp-caption-text\">Fot. Cezary War\u015b<\/figcaption>\n\t\t\t\t\t\t\t\t\t\t<\/figure>\n\t\t\t\t\t\t\t\t\t<\/div>\n\t\t\t\t<\/div>\n\t\t\t\t<\/div>\n\t\t","protected":false},"excerpt":{"rendered":"<p>\u00a0 \u00a0Naszym nadrz\u0119dnym celem jest rzetelne propagowanie i upowszechnianie prawdy historycznej\u00a0oraz bogatego, r\u00f3\u017cnorodnego\u00a0dziedzictwa kulturowego narod\u00f3w s\u0142owia\u0144skich. Fot. Cezary War\u015b<\/p>\n","protected":false},"author":1,"featured_media":0,"parent":0,"menu_order":0,"comment_status":"closed","ping_status":"closed","template":"","meta":{"om_disable_all_campaigns":false,"_monsterinsights_skip_tracking":false,"_monsterinsights_sitenote_active":false,"_monsterinsights_sitenote_note":"","_monsterinsights_sitenote_category":0,"_themeisle_gutenberg_block_has_review":false,"footnotes":""},"class_list":["post-18","page","type-page","status-publish","hentry"],"aioseo_notices":[],"_links":{"self":[{"href":"https:\/\/danielinfo.pl\/index.php\/wp-json\/wp\/v2\/pages\/18","targetHints":{"allow":["GET"]}}],"collection":[{"href":"https:\/\/danielinfo.pl\/index.php\/wp-json\/wp\/v2\/pages"}],"about":[{"href":"https:\/\/danielinfo.pl\/index.php\/wp-json\/wp\/v2\/types\/page"}],"author":[{"embeddable":true,"href":"https:\/\/danielinfo.pl\/index.php\/wp-json\/wp\/v2\/users\/1"}],"replies":[{"embeddable":true,"href":"https:\/\/danielinfo.pl\/index.php\/wp-json\/wp\/v2\/comments?post=18"}],"version-history":[{"count":22,"href":"https:\/\/danielinfo.pl\/index.php\/wp-json\/wp\/v2\/pages\/18\/revisions"}],"predecessor-version":[{"id":1067,"href":"https:\/\/danielinfo.pl\/index.php\/wp-json\/wp\/v2\/pages\/18\/revisions\/1067"}],"wp:attachment":[{"href":"https:\/\/danielinfo.pl\/index.php\/wp-json\/wp\/v2\/media?parent=18"}],"curies":[{"name":"wp","href":"https:\/\/api.w.org\/{rel}","templated":true}]}}